{"id":5746,"date":"2018-10-24T07:30:45","date_gmt":"2018-10-24T05:30:45","guid":{"rendered":"https:\/\/www.riverpark.at\/immobilien\/"},"modified":"2022-11-21T13:15:48","modified_gmt":"2022-11-21T12:15:48","slug":"wohnungen","status":"publish","type":"page","link":"https:\/\/www.riverpark.at\/?page_id=5746","title":{"rendered":"Wohnungen"},"content":{"rendered":"\t\t<div data-elementor-type=\"wp-post\" data-elementor-id=\"5746\" class=\"elementor elementor-5746\" data-elementor-post-type=\"page\">\n\t\t\t\t\t\t<section class=\"elementor-section elementor-top-section elementor-element elementor-element-22f6cf7 elementor-section-boxed elementor-section-height-default elementor-section-height-default\" data-id=\"22f6cf7\" data-element_type=\"section\" data-e-type=\"section\" data-settings=\"{&quot;jet_parallax_layout_list&quot;:[{&quot;jet_parallax_layout_image&quot;:{&quot;url&quot;:&quot;&quot;,&quot;id&quot;:&quot;&quot;,&quot;size&quot;:&quot;&quot;},&quot;_id&quot;:&quot;2fc03d4&quot;,&quot;jet_parallax_layout_speed&quot;:{&quot;unit&quot;:&quot;%&quot;,&quot;size&quot;:50,&quot;sizes&quot;:[]},&quot;jet_parallax_layout_image_tablet&quot;:{&quot;url&quot;:&quot;&quot;,&quot;id&quot;:&quot;&quot;,&quot;size&quot;:&quot;&quot;},&quot;jet_parallax_layout_image_mobile&quot;:{&quot;url&quot;:&quot;&quot;,&quot;id&quot;:&quot;&quot;,&quot;size&quot;:&quot;&quot;},&quot;jet_parallax_layout_type&quot;:&quot;scroll&quot;,&quot;jet_parallax_layout_direction&quot;:null,&quot;jet_parallax_layout_fx_direction&quot;:null,&quot;jet_parallax_layout_z_index&quot;:&quot;&quot;,&quot;jet_parallax_layout_bg_x&quot;:50,&quot;jet_parallax_layout_bg_x_tablet&quot;:&quot;&quot;,&quot;jet_parallax_layout_bg_x_mobile&quot;:&quot;&quot;,&quot;jet_parallax_layout_bg_y&quot;:50,&quot;jet_parallax_layout_bg_y_tablet&quot;:&quot;&quot;,&quot;jet_parallax_layout_bg_y_mobile&quot;:&quot;&quot;,&quot;jet_parallax_layout_bg_size&quot;:&quot;auto&quot;,&quot;jet_parallax_layout_bg_size_tablet&quot;:&quot;&quot;,&quot;jet_parallax_layout_bg_size_mobile&quot;:&quot;&quot;,&quot;jet_parallax_layout_animation_prop&quot;:&quot;transform&quot;,&quot;jet_parallax_layout_on&quot;:[&quot;desktop&quot;,&quot;tablet&quot;]}]}\">\n\t\t\t\t\t\t<div class=\"elementor-container elementor-column-gap-default\">\n\t\t\t\t\t<div class=\"elementor-column elementor-col-100 elementor-top-column elementor-element elementor-element-99195ad\" data-id=\"99195ad\" data-element_type=\"column\" data-e-type=\"column\">\n\t\t\t<div class=\"elementor-widget-wrap elementor-element-populated\">\n\t\t\t\t\t\t<div class=\"elementor-element elementor-element-819c127 elementor-widget elementor-widget-spacer\" data-id=\"819c127\" data-element_type=\"widget\" data-e-type=\"widget\" data-widget_type=\"spacer.default\">\n\t\t\t\t<div class=\"elementor-widget-container\">\n\t\t\t\t\t\t\t<div class=\"elementor-spacer\">\n\t\t\t<div class=\"elementor-spacer-inner\"><\/div>\n\t\t<\/div>\n\t\t\t\t\t\t<\/div>\n\t\t\t\t<\/div>\n\t\t\t\t\t<\/div>\n\t\t<\/div>\n\t\t\t\t\t<\/div>\n\t\t<\/section>\n\t\t\t\t<section class=\"elementor-section elementor-top-section elementor-element elementor-element-3235ddf3 elementor-section-boxed elementor-section-height-default elementor-section-height-default\" data-id=\"3235ddf3\" data-element_type=\"section\" data-e-type=\"section\" data-settings=\"{&quot;jet_parallax_layout_list&quot;:[{&quot;jet_parallax_layout_image&quot;:{&quot;url&quot;:&quot;&quot;,&quot;id&quot;:&quot;&quot;,&quot;size&quot;:&quot;&quot;},&quot;_id&quot;:&quot;d9663a9&quot;,&quot;jet_parallax_layout_speed&quot;:{&quot;unit&quot;:&quot;%&quot;,&quot;size&quot;:50,&quot;sizes&quot;:[]},&quot;jet_parallax_layout_image_tablet&quot;:{&quot;url&quot;:&quot;&quot;,&quot;id&quot;:&quot;&quot;,&quot;size&quot;:&quot;&quot;},&quot;jet_parallax_layout_image_mobile&quot;:{&quot;url&quot;:&quot;&quot;,&quot;id&quot;:&quot;&quot;,&quot;size&quot;:&quot;&quot;},&quot;jet_parallax_layout_type&quot;:&quot;scroll&quot;,&quot;jet_parallax_layout_direction&quot;:null,&quot;jet_parallax_layout_fx_direction&quot;:null,&quot;jet_parallax_layout_z_index&quot;:&quot;&quot;,&quot;jet_parallax_layout_bg_x&quot;:50,&quot;jet_parallax_layout_bg_x_tablet&quot;:&quot;&quot;,&quot;jet_parallax_layout_bg_x_mobile&quot;:&quot;&quot;,&quot;jet_parallax_layout_bg_y&quot;:50,&quot;jet_parallax_layout_bg_y_tablet&quot;:&quot;&quot;,&quot;jet_parallax_layout_bg_y_mobile&quot;:&quot;&quot;,&quot;jet_parallax_layout_bg_size&quot;:&quot;auto&quot;,&quot;jet_parallax_layout_bg_size_tablet&quot;:&quot;&quot;,&quot;jet_parallax_layout_bg_size_mobile&quot;:&quot;&quot;,&quot;jet_parallax_layout_animation_prop&quot;:&quot;transform&quot;,&quot;jet_parallax_layout_on&quot;:[&quot;desktop&quot;,&quot;tablet&quot;]}]}\">\n\t\t\t\t\t\t<div class=\"elementor-container elementor-column-gap-default\">\n\t\t\t\t\t<div class=\"elementor-column elementor-col-100 elementor-top-column elementor-element elementor-element-1c44d9e6\" data-id=\"1c44d9e6\" data-element_type=\"column\" data-e-type=\"column\">\n\t\t\t<div class=\"elementor-widget-wrap elementor-element-populated\">\n\t\t\t\t\t\t<div class=\"elementor-element elementor-element-6d9549ed elementor-widget elementor-widget-cherry_projects\" data-id=\"6d9549ed\" data-element_type=\"widget\" data-e-type=\"widget\" data-widget_type=\"cherry_projects.default\">\n\t\t\t\t<div class=\"elementor-widget-container\">\n\t\t\t\t\t\t\t<div class=\"elementor-\"><div class=\"cherry-projects-wrapper\"><div class=\"projects-filters with-ajax\" data-order-default=\"desc\" data-orderby-default=\"date\"><div class=\"projects-filters-list-wrapper\"><ul class=\"projects-filters-list filter-category\"><li class=\"active\"><span data-cat-id=\"\" data-slug=\"\">Show all<\/span><\/li><li><span data-cat-id=\"103\" data-slug=\"sehr-gross\">101-206m\u00b2<\/span><\/li><li><span data-cat-id=\"94\" data-slug=\"klein\">30-50m\u00b2<\/span><\/li><li><span data-cat-id=\"95\" data-slug=\"mittel\">51-80m\u00b2<\/span><\/li><li><span data-cat-id=\"96\" data-slug=\"gross\">81-100m\u00b2<\/span><\/li><li><span data-cat-id=\"40\" data-slug=\"balkon\">Balkon<\/span><\/li><li><span data-cat-id=\"46\" data-slug=\"baukoerpera\">Bauk\u00f6rper A<\/span><\/li><li><span data-cat-id=\"47\" data-slug=\"baukoerperb\">Bauk\u00f6rper B<\/span><\/li><li><span data-cat-id=\"48\" data-slug=\"baukoerperc\">Bauk\u00f6rper C<\/span><\/li><li><span data-cat-id=\"49\" data-slug=\"baukoerperd\">Bauk\u00f6rper D<\/span><\/li><li><span data-cat-id=\"42\" data-slug=\"garten\">Garten<\/span><\/li><li><span data-cat-id=\"45\" data-slug=\"maisonette\">Maisonette<\/span><\/li><li><span data-cat-id=\"41\" data-slug=\"terrasse\">Terrasse<\/span><\/li><\/ul><\/div><\/div><div class=\"projects-container cherry-animation-container list-layout ajax-pagination-mode loading-animation-move-up\" data-settings='{\"list-layout\":\"list-layout\",\"loading-mode\":\"ajax-pagination-mode\",\"hover-animation\":\"simple-fade\",\"post-per-page\":\"9\",\"column-number\":\"4\",\"column-number-laptop\":\"3\",\"column-number-album-tablet\":\"2\",\"column-number-portrait-tablet\":\"2\",\"column-number-mobile\":\"1\",\"item-margin\":\"4\",\"fixed-height\":\"300\",\"posts-format\":\"post-format-all\",\"single-term\":\"\",\"filter-type\":\"category\",\"template\":\"list-default.tmpl\"}'><div class=\"projects-list cherry-animation-list column-desktop-4 column-tablet-2 column-mobile-1\" data-all-posts-count=\"30\" data-columns><\/div><\/div><div class=\"projects-end-line-spinner\"><div class=\"cherry-spinner cherry-spinner-double-bounce\"><div class=\"cherry-double-bounce1\"><\/div><div class=\"cherry-double-bounce2\"><\/div><\/div><\/div><div class=\"cherry-projects-ajax-loader\"><div class=\"cherry-spinner cherry-spinner-double-bounce\"><div class=\"cherry-double-bounce1\"><\/div><div class=\"cherry-double-bounce2\"><\/div><\/div><\/div><\/div><\/div>\r\n\t\t\t\t\t\t<\/div>\n\t\t\t\t<\/div>\n\t\t\t\t\t<\/div>\n\t\t<\/div>\n\t\t\t\t\t<\/div>\n\t\t<\/section>\n\t\t\t\t<\/div>\n\t\t","protected":false},"excerpt":{"rendered":"<p>Show all 101-206m\u00b2 30-50m\u00b2 51-80m\u00b2 81-100m\u00b2 Balkon Bauk\u00f6rper A Bauk\u00f6rper B Bauk\u00f6rper C Bauk\u00f6rper D Garten Maisonette Terrasse<\/p>\n","protected":false},"author":1,"featured_media":0,"parent":0,"menu_order":20,"comment_status":"closed","ping_status":"closed","template":"","meta":{"footnotes":""},"class_list":["post-5746","page","type-page","status-publish","hentry"],"_links":{"self":[{"href":"https:\/\/www.riverpark.at\/index.php?rest_route=\/wp\/v2\/pages\/5746","targetHints":{"allow":["GET"]}}],"collection":[{"href":"https:\/\/www.riverpark.at\/index.php?rest_route=\/wp\/v2\/pages"}],"about":[{"href":"https:\/\/www.riverpark.at\/index.php?rest_route=\/wp\/v2\/types\/page"}],"author":[{"embeddable":true,"href":"https:\/\/www.riverpark.at\/index.php?rest_route=\/wp\/v2\/users\/1"}],"replies":[{"embeddable":true,"href":"https:\/\/www.riverpark.at\/index.php?rest_route=%2Fwp%2Fv2%2Fcomments&post=5746"}],"version-history":[{"count":41,"href":"https:\/\/www.riverpark.at\/index.php?rest_route=\/wp\/v2\/pages\/5746\/revisions"}],"predecessor-version":[{"id":7339,"href":"https:\/\/www.riverpark.at\/index.php?rest_route=\/wp\/v2\/pages\/5746\/revisions\/7339"}],"wp:attachment":[{"href":"https:\/\/www.riverpark.at\/index.php?rest_route=%2Fwp%2Fv2%2Fmedia&parent=5746"}],"curies":[{"name":"wp","href":"https:\/\/api.w.org\/{rel}","templated":true}]}}